{"id":74,"date":"2018-11-06T16:26:34","date_gmt":"2018-11-06T15:26:34","guid":{"rendered":"http:\/\/snmb.fr\/index.php\/home\/"},"modified":"2020-09-17T17:41:39","modified_gmt":"2020-09-17T15:41:39","slug":"home","status":"publish","type":"page","link":"https:\/\/snmb.fr\/","title":{"rendered":"N\u2019h\u00e9sitez pas \u00e0 prendre contact !"},"content":{"rendered":"<p>Notre mission de conseil est primordiale, pour comprendre vos d\u00e9sirs et chiffrer exactement, \u00e0 un prix comp\u00e9titif, la r\u00e9alisation de vos travaux.<\/p>\n<p>Nos prestations sont ex\u00e9cut\u00e9es dans les r\u00e8gles de l\u2019art, par des \u00e9quipes qualifi\u00e9es, qui emploient des mat\u00e9riaux de 1er ordre.<\/p>\n<p>Les activit\u00e9s de l\u2019entreprise SNMB Peinture s\u2019\u00e9tendent sur Paris et toute l\u2019Ile de France. \u00c9galement dans toute la France pour les chantiers ponctuels. La soci\u00e9t\u00e9 SNMB Peinture est implant\u00e9e \u00e0 Paris 12\u00e8me o\u00f9 se trouvent ses bureaux, l\u2019atelier et le d\u00e9p\u00f4t se situent \u00e0 Chevilly-Larue (94).<\/p>\n<p>Ainsi, nous garantissons \u00e0 nos clients le double objectif d\u2019une satisfaction totale et d\u2019un travail de qualit\u00e9.<\/p>\n","protected":false},"excerpt":{"rendered":"<p>Notre mission de conseil est primordiale, pour comprendre vos d\u00e9sirs et chiffrer exactement, \u00e0 un prix comp\u00e9titif, la r\u00e9alisation de vos travaux. Nos prestations sont ex\u00e9cut\u00e9es dans les r\u00e8gles de l\u2019art, par des \u00e9quipes qualifi\u00e9es, qui emploient des mat\u00e9riaux de 1er ordre. Les activit\u00e9s de l\u2019entreprise SNMB Peinture s\u2019\u00e9tendent sur Paris et toute l\u2019Ile de<\/p><\/div>\n<div class=\"blog-btn\"><a href=\"https:\/\/snmb.fr\/\" class=\"home-blog-btn\">Lire la suite<\/a><\/p>\n","protected":false},"author":1,"featured_media":0,"parent":43,"menu_order":1,"comment_status":"closed","ping_status":"closed","template":"template-business.php","meta":{"footnotes":""},"_links":{"self":[{"href":"https:\/\/snmb.fr\/index.php\/wp-json\/wp\/v2\/pages\/74"}],"collection":[{"href":"https:\/\/snmb.fr\/index.php\/wp-json\/wp\/v2\/pages"}],"about":[{"href":"https:\/\/snmb.fr\/index.php\/wp-json\/wp\/v2\/types\/page"}],"author":[{"embeddable":true,"href":"https:\/\/snmb.fr\/index.php\/wp-json\/wp\/v2\/users\/1"}],"replies":[{"embeddable":true,"href":"https:\/\/snmb.fr\/index.php\/wp-json\/wp\/v2\/comments?post=74"}],"version-history":[{"count":1,"href":"https:\/\/snmb.fr\/index.php\/wp-json\/wp\/v2\/pages\/74\/revisions"}],"predecessor-version":[{"id":122,"href":"https:\/\/snmb.fr\/index.php\/wp-json\/wp\/v2\/pages\/74\/revisions\/122"}],"up":[{"embeddable":true,"href":"https:\/\/snmb.fr\/index.php\/wp-json\/wp\/v2\/pages\/43"}],"wp:attachment":[{"href":"https:\/\/snmb.fr\/index.php\/wp-json\/wp\/v2\/media?parent=74"}],"curies":[{"name":"wp","href":"https:\/\/api.w.org\/{rel}","templated":true}]}}