{"id":1171,"date":"2024-07-15T19:51:25","date_gmt":"2024-07-15T17:51:25","guid":{"rendered":"https:\/\/snmb.fr\/?page_id=1171"},"modified":"2024-07-20T18:33:29","modified_gmt":"2024-07-20T16:33:29","slug":"engage-rse-exemplaire","status":"publish","type":"page","link":"https:\/\/snmb.fr\/index.php\/engage-rse-exemplaire\/","title":{"rendered":"Engag\u00e9 RSE Exemplaire"},"content":{"rendered":"\n<figure class=\"wp-block-image size-large\"><img loading=\"lazy\" decoding=\"async\" width=\"1024\" height=\"741\" src=\"https:\/\/snmb.fr\/wp-content\/uploads\/2024\/07\/Presentation-SNMB-1024x741.jpg\" alt=\"\" class=\"wp-image-1176\" srcset=\"https:\/\/snmb.fr\/wp-content\/uploads\/2024\/07\/Presentation-SNMB-1024x741.jpg 1024w, https:\/\/snmb.fr\/wp-content\/uploads\/2024\/07\/Presentation-SNMB-300x217.jpg 300w, https:\/\/snmb.fr\/wp-content\/uploads\/2024\/07\/Presentation-SNMB-768x556.jpg 768w, https:\/\/snmb.fr\/wp-content\/uploads\/2024\/07\/Presentation-SNMB.jpg 1141w\" sizes=\"(max-width: 1024px) 100vw, 1024px\" \/><\/figure>\n\n\n\n<p><\/p>\n\n\n\n<h3 class=\"wp-block-heading\"><strong><em>NOUS SOMMES L&rsquo;UNE DES PREMI\u00c8RES ENTREPRISES LABELLIS\u00c9ES \u00ab\u00a0ENGAG\u00c9 RSE\u00a0\u00bb AU NIVEAU EXEMPLAIRE, DANS NOTRE DOMAINE D&rsquo;ACTIVIT\u00c9.<\/em><\/strong><\/h3>\n\n\n\n<p>Choisir de devenir \u00ab Engag\u00e9 RSE \u00bb, c\u2019est adresser un signal fort : celui d\u2019une organisation qui assume les impacts de ses d\u00e9cisions et s\u2019engage pour un d\u00e9veloppement durable de ses processus et de ses activit\u00e9s. Structur\u00e9e sur la norme ISO 26 000 et les objectifs de d\u00e9veloppement durable de&nbsp;l&rsquo;ONU, la&nbsp;labellisation \u00ab\u00a0Engag\u00e9 RSE\u00a0\u00bb de l&rsquo;AFNOR Certification a \u00e9t\u00e9 d\u00e9livr\u00e9e \u00e0 un niveau Exemplaire \u00e0 la soci\u00e9t\u00e9 SNMB Peinture, \u00e0 la suite d&rsquo;une \u00e9valuation ind\u00e9pendante men\u00e9e sur site pendant plusieurs jours et bas\u00e9e sur des preuves objectives fournies par l\u2019entreprise et ses parties prenantes en mati\u00e8re d&rsquo;impacts sociaux, environnementaux et \u00e9conomiques de ses activit\u00e9s. <\/p>\n\n\n\n<p><strong>Cette labellisation est \u00e9galement reconnue \u00e0 l&rsquo;\u00e9chelle europ\u00e9enne via le label \u00ab\u00a0Responsibility Europe\u00a0\u00bb, lui aussi d\u00e9livr\u00e9 lors de cet audit.<\/strong>\u00a0Responsibility Europe est un label qui donne \u00e0 nos engagements sociaux et environnementaux une reconnaissance internationale. Il affiche notre contribution effective aux Objectifs de D\u00e9veloppement Durable des Nations-Unies, en ligne avec la norme internationale ISO 26000.\u00a0<\/p>\n\n\n<div class=\"wp-block-image\">\n<figure class=\"alignright is-resized\"><img decoding=\"async\" src=\"https:\/\/www.monsoti.fr\/wp-content\/uploads\/2024\/07\/ENGAGE-RSE-26000_Exemplaire_rvb-2-988x1024.jpg\" alt=\"\" class=\"wp-image-2265\" style=\"width:108px;height:auto\"\/><\/figure><\/div>\n\n<div class=\"wp-block-image\">\n<figure class=\"alignright is-resized\"><img decoding=\"async\" src=\"https:\/\/www.monsoti.fr\/wp-content\/uploads\/2024\/07\/LABEL_RE_RGB-1024x1024.png\" alt=\"\" class=\"wp-image-2267\" style=\"width:115px;height:auto\"\/><\/figure><\/div>","protected":false},"excerpt":{"rendered":"<p>NOUS SOMMES L&rsquo;UNE DES PREMI\u00c8RES ENTREPRISES LABELLIS\u00c9ES \u00ab\u00a0ENGAG\u00c9 RSE\u00a0\u00bb AU NIVEAU EXEMPLAIRE, DANS NOTRE DOMAINE D&rsquo;ACTIVIT\u00c9. Choisir de devenir \u00ab Engag\u00e9 RSE \u00bb, c\u2019est adresser un signal fort : celui d\u2019une organisation qui assume les impacts de ses d\u00e9cisions et s\u2019engage pour un d\u00e9veloppement durable de ses processus et de ses activit\u00e9s. Structur\u00e9e sur la<\/p><\/div>\n<div class=\"blog-btn\"><a href=\"https:\/\/snmb.fr\/index.php\/engage-rse-exemplaire\/\" class=\"home-blog-btn\">Lire la suite<\/a><\/p>\n","protected":false},"author":1,"featured_media":0,"parent":0,"menu_order":0,"comment_status":"closed","ping_status":"closed","template":"","meta":{"footnotes":""},"_links":{"self":[{"href":"https:\/\/snmb.fr\/index.php\/wp-json\/wp\/v2\/pages\/1171"}],"collection":[{"href":"https:\/\/snmb.fr\/index.php\/wp-json\/wp\/v2\/pages"}],"about":[{"href":"https:\/\/snmb.fr\/index.php\/wp-json\/wp\/v2\/types\/page"}],"author":[{"embeddable":true,"href":"https:\/\/snmb.fr\/index.php\/wp-json\/wp\/v2\/users\/1"}],"replies":[{"embeddable":true,"href":"https:\/\/snmb.fr\/index.php\/wp-json\/wp\/v2\/comments?post=1171"}],"version-history":[{"count":7,"href":"https:\/\/snmb.fr\/index.php\/wp-json\/wp\/v2\/pages\/1171\/revisions"}],"predecessor-version":[{"id":1196,"href":"https:\/\/snmb.fr\/index.php\/wp-json\/wp\/v2\/pages\/1171\/revisions\/1196"}],"wp:attachment":[{"href":"https:\/\/snmb.fr\/index.php\/wp-json\/wp\/v2\/media?parent=1171"}],"curies":[{"name":"wp","href":"https:\/\/api.w.org\/{rel}","templated":true}]}}