{"id":1082,"date":"2024-05-31T13:42:29","date_gmt":"2024-05-31T11:42:29","guid":{"rendered":"https:\/\/snmb.fr\/?page_id=1082"},"modified":"2025-04-25T14:38:08","modified_gmt":"2025-04-25T12:38:08","slug":"prevention","status":"publish","type":"page","link":"https:\/\/snmb.fr\/index.php\/prevention\/","title":{"rendered":"La pr\u00e9vention : un outil de sant\u00e9 publique"},"content":{"rendered":"\n<div class=\"wp-block-columns alignwide is-layout-flex wp-container-core-columns-is-layout-1 wp-block-columns-is-layout-flex\" style=\"margin-bottom:0\">\n<div class=\"wp-block-column has-text-color has-background has-link-color wp-elements-cc017c43f0ea35a97104205a3c3a4f34 is-layout-flow wp-block-column-is-layout-flow\" style=\"color:#000000;background-color:#f8e2a7;padding-top:2em;padding-right:2em;padding-bottom:2em;padding-left:2em\">\n<h2 class=\"wp-block-heading\" id=\"single\" style=\"font-size:21px\"><strong>Notre partenaire pr\u00e9vention dans<br>l&rsquo;entreprise<\/strong> <\/h2>\n\n\n\n<hr class=\"wp-block-separator has-text-color has-css-opacity has-background is-style-wide\" style=\"background-color:#000000;color:#000000\"\/>\n\n\n\n<figure class=\"wp-block-image size-large\"><img decoding=\"async\" src=\"http:\/\/www.monsoti.fr\/wp-content\/uploads\/2024\/05\/IMG_1461-copie-1024x403.jpg\" alt=\"\" class=\"wp-image-1422\"\/><\/figure>\n\n\n\n<p><\/p>\n\n\n<div class=\"wp-block-image is-style-default\">\n<figure class=\"aligncenter size-full is-resized\"><img decoding=\"async\" src=\"http:\/\/www.monsoti.fr\/wp-content\/uploads\/2024\/05\/APST-BTP.png\" alt=\"\" class=\"wp-image-1420\" style=\"width:156px;height:104px\"\/><\/figure><\/div>\n\n\n<p class=\"has-small-font-size\" style=\"font-style:normal;font-weight:300\">Afin de ne faire aucune concession sur la s\u00e9curit\u00e9 de nos collaborateurs sur l\u2019ensemble de nos activit\u00e9s, le sujet est g\u00e9r\u00e9 quotidiennement, au plus proche des conditions de travail, afin que chaque \u00e9quipe dispose de l\u2019ensemble des outils, \u00e9quipement et des moyens d\u2019intervention pour que la s\u00e9curit\u00e9 soit une priorit\u00e9.&nbsp;<\/p>\n\n\n\n<p class=\"has-small-font-size\" style=\"font-style:normal;font-weight:300\"><strong>Afin d\u2019\u00e9valuer la capacit\u00e9 de l\u2019entreprise \u00e0 intervenir en pr\u00e9vention des risques professionnels, nous avons mis en place un partenariat actif avec une \u00e9quipe de l\u2019APST BTP&nbsp;: Intervenante en pr\u00e9vention des risque et toxicologue, qui nous accompagnent annuellement lors de l\u2019Audit Interne du Groupe.&nbsp;<\/strong><\/p>\n\n\n\n<p class=\"has-small-font-size\" style=\"font-style:normal;font-weight:300\">Ces r\u00e9unions de travail et audit de nos bureaux et d\u00e9p\u00f4ts sont initi\u00e9s dans le cadre du Syst\u00e8me de Management du Groupe. Il s\u2019agit d\u2019examiner l\u2019efficacit\u00e9 de l\u2019entreprise sur l\u2019analyse de son approche par les risques. L\u2019\u00e9quipe de l\u2019APST intervient en conseil sur la pr\u00e9vention des risques professionnels (IPRP) et pour nous accompagner et nous conseiller sur nos plans d\u2019actions de pr\u00e9vention.<\/p>\n\n\n\n<p class=\"has-small-font-size\" style=\"font-style:normal;font-weight:300\">Des pistes de travail ont \u00e9t\u00e9 soulev\u00e9es afin de pr\u00e9venir le risque professionnel dans l\u2019entreprise. Dans une d\u00e9marche d\u2019am\u00e9lioration continue, nous entretenons la relation avec l\u2019APST afin de suivre ces dossiers&nbsp;: am\u00e9lioration du DUER,&nbsp;proc\u00e9dure d\u2019\u00e9vacuation incendie, v\u00e9rification des actions correctives de l\u2019audit interne, mise en place de l\u2019outil de gestion des produits chimiques dans l\u2019entreprise afin de remplacer les produits toxiques par des produits alternatifs plus \u00e9cologiques, validation de la grille d\u2019entretien individuel annuel et v\u00e9rification de nos outils de communication en mati\u00e8re de pr\u00e9vention.<\/p>\n\n\n\n<p class=\"has-small-font-size\" style=\"font-style:normal;font-weight:300\">Nos r\u00e9unions internes avec notre m\u00e9decin r\u00e9f\u00e9rent, venu sur place pour \u00e9valuer nos besoins, ont permis de d\u00e9finir des dispositions de sant\u00e9 et de s\u00e9curit\u00e9 physiques li\u00e9es aux postes de travail. Des formations Gestes et Postures avec un Formateur d\u00e9di\u00e9 APST ont \u00e9t\u00e9 r\u00e9alis\u00e9es en 2024 pour notre personnel d\u2019ex\u00e9cution, avec une partie th\u00e9orique, un temps d\u2019\u00e9change puis un passage \u00e0 la pratique. Ces cessions sont configur\u00e9es pour nos activit\u00e9s et nos contraintes organisationnelles avec l\u2019une des ergonomes de l\u2019APST. D\u2019autres cessions seront organis\u00e9es en juin 2025 \u00e0 l\u2019intention de notre personnel administratif.<\/p>\n\n\n\n<p><\/p>\n\n\n<div class=\"wp-block-image\">\n<figure class=\"aligncenter size-large is-resized\"><img decoding=\"async\" src=\"https:\/\/snmb.fr\/wp-content\/uploads\/2025\/04\/Capture-decran-2025-04-25-a-12.55.00.jpg\" alt=\"\" style=\"width:235px;height:334px\"\/><\/figure><\/div>\n\n\n<p><\/p>\n\n\n\n<div class=\"wp-block-buttons alignfull is-horizontal is-content-justification-center is-layout-flex wp-container-core-buttons-is-layout-1 wp-block-buttons-is-layout-flex\">\n<div class=\"wp-block-button has-custom-width wp-block-button__width-100\"><a class=\"wp-block-button__link has-white-color has-text-color has-background wp-element-button\" style=\"border-radius:0px;background-color:#dfa609\">100% des collaborateurs se sentent en s\u00e9curit\u00e9 dans l&rsquo;entreprise*<\/a><\/div>\n\n\n\n<div class=\"wp-block-button has-custom-width wp-block-button__width-100 has-custom-font-size has-small-font-size\"><a class=\"wp-block-button__link has-text-color has-background wp-element-button\" style=\"border-radius:0px;color:#e4a905;background-color:#fde39b\">* R\u00e9sultats de l\u2019entretien individuel annuel 2024<\/a><\/div>\n<\/div>\n<\/div>\n\n\n\n<div class=\"wp-block-column has-text-color has-background has-link-color wp-elements-61356d28af78949374bdf0550ce26239 is-layout-flow wp-block-column-is-layout-flow\" style=\"color:#000000;background-color:#d1d1e1;padding-top:2em;padding-right:2em;padding-bottom:2em;padding-left:2em\">\n<h2 class=\"wp-block-heading has-medium-font-size\" id=\"family\" style=\"font-style:normal;font-weight:700\">Pour une route plus s\u00fbre en faveur de nos salari\u00e9s<\/h2>\n\n\n\n<hr class=\"wp-block-separator has-css-opacity is-style-wide\"\/>\n\n\n<div class=\"wp-block-image\">\n<figure class=\"aligncenter size-large is-resized\"><img decoding=\"async\" src=\"http:\/\/www.monsoti.fr\/wp-content\/uploads\/2024\/05\/Capture-decran-2024-03-29-a-14.11.51-2-1024x472.jpg\" alt=\"\" class=\"wp-image-1423\" style=\"width:439px;height:202px\"\/><\/figure><\/div>\n\n\n<p><\/p>\n\n\n<div class=\"wp-block-image\">\n<figure class=\"aligncenter size-full is-resized\"><img decoding=\"async\" src=\"http:\/\/www.monsoti.fr\/wp-content\/uploads\/2024\/05\/Unknown.png\" alt=\"\" class=\"wp-image-1421\" style=\"width:204px;height:77px\"\/><\/figure><\/div>\n\n\n<p class=\"has-small-font-size\" style=\"font-style:normal;font-weight:300\">La pr\u00e9vention des accidents de la route dans le cadre du travail constitue un enjeu majeur du Gouvernement et des acteurs \u00e9conomiques. En France, ces accidents repr\u00e9sentent la 1<sup>\u00e8re<\/sup>&nbsp;cause de mortalit\u00e9 survenue dans le contexte professionnel. Notre certification Engag\u00e9 RSE t\u00e9moigne de l\u2019importance de la qualit\u00e9 de vie au travail de nos collaborateurs, \u00e0 leur sant\u00e9 et leur s\u00e9curit\u00e9.&nbsp;<\/p>\n\n\n\n<p class=\"has-small-font-size\" style=\"font-style:normal;font-weight:300\">En effet, notre personnel d\u2019ex\u00e9cution prend le volant chaque jour vers leurs chantiers parisiens et en Ile de France pour r\u00e9aliser leurs interventions en entretien et r\u00e9novation de patrimoine immobilier.&nbsp;<strong>C\u2019est pour cette raison que nous avons rejoint l\u2019Appel national des employeurs pour une route plus sure en faveur de nos salari\u00e9s.<\/strong><\/p>\n\n\n\n<p class=\"has-small-font-size\" style=\"font-style:normal;font-weight:300\">A ce jour, plus de 2 800 employeurs de secteur priv\u00e9, public et associatif ont r\u00e9pondu \u00e0 cet appel en signant les 7 engagements pour une route plus sure. Nous avons rejoint ce r\u00e9seau d\u2019entreprises engag\u00e9es qui placent, comme nous, le risque routier au c\u0153ur de leurs pr\u00e9occupations. Nous nous engageons \u00e0 mettre en \u0153uvre des mesures concr\u00e8tes g\u00e9n\u00e9rant des pratiques responsables destin\u00e9es \u00e0 l\u2019ensemble de nos employ\u00e9s. Cette d\u00e9marche se pr\u00e9sente en 3 temps&nbsp;: Information, Sensibilisation et Engagements de nos collaborateurs.<\/p>\n\n\n\n<p><\/p>\n\n\n<div class=\"wp-block-image\">\n<figure class=\"aligncenter size-large is-resized\"><img decoding=\"async\" src=\"http:\/\/www.monsoti.fr\/wp-content\/uploads\/2024\/05\/Capture-decran-2024-02-13-a-08.16.21-3-708x1024.png\" alt=\"\" class=\"wp-image-1438\" style=\"width:232px;height:335px\"\/><\/figure><\/div>\n\n\n<p><\/p>\n\n\n\n<div class=\"wp-block-group\"><div class=\"wp-block-group__inner-container is-layout-constrained wp-block-group-is-layout-constrained\">\n<p class=\"has-text-align-center has-small-font-size\" style=\"letter-spacing:em\"><strong><em>Nous avons relay\u00e9 cette mesure par une&nbsp;prise de parole sur le site S\u00e9curit\u00e9 Routi\u00e8re afin de rejoindre ce grand mouvement entrepreneurial et exercer notre devoir d\u2019influence sur d\u2019autres chefs d\u2019entreprises et plus largement sur le public.<\/em><\/strong><\/p>\n\n\n\n<p class=\"has-text-align-center has-text-color has-link-color wp-elements-912e992093caaacc9b06c32a61eead4e\" style=\"color:#0c5a87;font-size:17px;letter-spacing:em\"><\/p>\n<\/div><\/div>\n\n\n\n<p><\/p>\n\n\n\n<div class=\"wp-block-buttons alignfull is-horizontal is-content-justification-center is-layout-flex wp-container-core-buttons-is-layout-2 wp-block-buttons-is-layout-flex\">\n<div class=\"wp-block-button has-custom-width wp-block-button__width-100 is-style-fill\"><a class=\"wp-block-button__link has-white-color has-vivid-purple-background-color has-text-color has-background wp-element-button\" style=\"border-radius:0px\">100% du personnel d&rsquo;ex\u00e9cution pr\u00e9sents dans l&rsquo;entreprise ont sign\u00e9 cet engagement<\/a><\/div>\n<\/div>\n<\/div>\n<\/div>\n","protected":false},"excerpt":{"rendered":"<p>Notre partenaire pr\u00e9vention dansl&rsquo;entreprise Afin de ne faire aucune concession sur la s\u00e9curit\u00e9 de nos collaborateurs sur l\u2019ensemble de nos activit\u00e9s, le sujet est g\u00e9r\u00e9 quotidiennement, au plus proche des conditions de travail, afin que chaque \u00e9quipe dispose de l\u2019ensemble des outils, \u00e9quipement et des moyens d\u2019intervention pour que la s\u00e9curit\u00e9 soit une priorit\u00e9.&nbsp; Afin<\/p><\/div>\n<div class=\"blog-btn\"><a href=\"https:\/\/snmb.fr\/index.php\/prevention\/\" class=\"home-blog-btn\">Lire la suite<\/a><\/p>\n","protected":false},"author":1,"featured_media":0,"parent":0,"menu_order":0,"comment_status":"closed","ping_status":"closed","template":"","meta":{"footnotes":""},"_links":{"self":[{"href":"https:\/\/snmb.fr\/index.php\/wp-json\/wp\/v2\/pages\/1082"}],"collection":[{"href":"https:\/\/snmb.fr\/index.php\/wp-json\/wp\/v2\/pages"}],"about":[{"href":"https:\/\/snmb.fr\/index.php\/wp-json\/wp\/v2\/types\/page"}],"author":[{"embeddable":true,"href":"https:\/\/snmb.fr\/index.php\/wp-json\/wp\/v2\/users\/1"}],"replies":[{"embeddable":true,"href":"https:\/\/snmb.fr\/index.php\/wp-json\/wp\/v2\/comments?post=1082"}],"version-history":[{"count":5,"href":"https:\/\/snmb.fr\/index.php\/wp-json\/wp\/v2\/pages\/1082\/revisions"}],"predecessor-version":[{"id":1205,"href":"https:\/\/snmb.fr\/index.php\/wp-json\/wp\/v2\/pages\/1082\/revisions\/1205"}],"wp:attachment":[{"href":"https:\/\/snmb.fr\/index.php\/wp-json\/wp\/v2\/media?parent=1082"}],"curies":[{"name":"wp","href":"https:\/\/api.w.org\/{rel}","templated":true}]}}